{"id":481,"date":"2020-04-21T22:31:12","date_gmt":"2020-04-21T20:31:12","guid":{"rendered":"https:\/\/nkhq.de\/home\/?page_id=481"},"modified":"2020-04-21T22:33:44","modified_gmt":"2020-04-21T20:33:44","slug":"teamspeak-regeln","status":"publish","type":"page","link":"https:\/\/nkhq.de\/home\/index.php\/teamspeak\/teamspeak-regeln\/","title":{"rendered":"TeamSpeak Regeln:"},"content":{"rendered":"<h2>\u00a71.1 Namensgebung<\/h2>\n<p>Der Nickname sollte dem InGame-Nickname entsprechen. Ggf. kann der Nickname durch einen weiteren Nickname erg\u00e4nzt werden.<\/p>\n<p>Nicknames d\u00fcrfen keine beleidigenden oder anderen verbotenen oder gesch\u00fctzen Namen oder Namensteile enthalten.<\/p>\n<h3>\u00a71.2 Avatar<\/h3>\n<p>Avatare d\u00fcrfen keine pornographischen, rassistischen, beleidigenden oder andere gegen das deutsche Recht versto\u00dfenden Inhalte beinhalten.<\/p>\n<h2>\u00a72.1 Umgangston<\/h2>\n<p>Der Umgang mit anderen Teamspeak Benutzern sollte stets freundlich sein. Verbale Angriffe gegen andere User sind strengstens untersagt.<\/p>\n<h3>\u00a72.2 Server-Chat<\/h3>\n<p>Der Server-Chat sollte nur im Ausnahmefall genutzt werden.<\/p>\n<h3>\u00a72.3 Channel-Hopping<\/h3>\n<p>Channel-Hopping (das st\u00e4ndige Springen von einen in den anderen Channel) ist untersagt.<\/p>\n<h3>\u00a72.4 Gespr\u00e4che aufnehmen<\/h3>\n<p>Das Mitschneiden von Gespr\u00e4chen ist auf dem gesamten Server nur nach Absprache mit den anwesenden Benutzern des entsprechenden Channels erlaubt. Willigt ein User nicht der Aufnahme ein, ist die Aufnahme des Gespr\u00e4chs verboten.<\/p>\n<h2>\u00a73.1 Kicken\/Bannen<\/h2>\n<p>Ein Kick oder Bann ist zu keinem Zeitpunkt unbegr\u00fcndet, sondern soll zum Nachdenken der eigenen Verhaltensweise anregen. Unangebrachte Kicks\/Banns m\u00fcssen den zust\u00e4ndigen Admins gemeldet werden.<\/p>\n<h3>\u00a73.2 TS3 Rechte<\/h3>\n<p>Teamspeak Rechte werden nicht wahllos vergeben, sondern dienen immer einem bestimmten Grund. Bei Bedarf von Rechten kann sich an den zust\u00e4ndigen Admin gewandt werden.<\/p>\n<h3>\u00a73.3 Weisungsrecht<\/h3>\n<p>Server Admins, Moderatoren oder anderweitig befugte Admins haben volles Weisungsrecht. Das Verweigern einer bestimmten Anweisung kann zu einem Kick oder Bann f\u00fchren.<\/p>\n<h2>\u00a74.1 Werbung<\/h2>\n<p>Jegliche Art von Werbung ist auf diesem Server untersagt. Dabei ist auch das Werben durch Audio-Spuren oder \u00fcber Avatare strengstens untersagt. Ggf. kann sich an einen zust\u00e4ndigen Admin gewandt werden, um \u00fcber eine M\u00f6glichkeit zur Werbung zu verhandeln.<\/p>\n<h3>\u00a74.2 Hackerangriffe<\/h3>\n<p>Jeder Angriff gegen diesen Server ist strafbar und wird ggf. strafrechtlich verfolgt.<\/p>\n<h3>\u00a74.3 Datenschutz<\/h3>\n<p>Private Daten wie Telefonnummern, Adressen, Passw\u00f6rter und \u00e4hnlichem d\u00fcrfen nicht \u00f6ffentlich ausgetauscht werden. Ein Server Admin wird zu keinem Zeitpunkt nach sensiblen Daten, wie Benutzer-Passw\u00f6rter, fragen.<\/p>\n<h2>\u00a75.1 Eigene Musik\/T\u00f6ne<\/h2>\n<p>Das Einspielen von eigener Musik, oder das \u00dcbetragen von anderen nicht erw\u00fcnschten T\u00f6nen ist untersagt.<\/p>\n<h3>\u00a75.2 Bots (insb. Musik-Bots)<\/h3>\n<p>Es d\u00fcrfen keine Bots mit dem TS3 Server verbunden werden. Bots d\u00fcrfen nur in ausgewiesenen Channels verbunden werden und auch nur dann, wenn kein weiterer Bot in dem Channel aktiv ist.<\/p>\n<h3>\u00a75.3 Upload von Dateien<\/h3>\n<p>Es ist nicht gestattet pornographisches, rassistisches oder rechtlich gesch\u00fctzes Material hochzuladen und\/oder mit anderen Benutzern zu tauschen.<\/p>\n<h2>\u00a76.1 Channel-Regeln<\/h2>\n<p>Server-Regeln k\u00f6nnen durch Channel-Regeln aufgehoben oder erweitert werden. Es gilt unbedingt die Channel-Regeln zu beachten.<\/p>\n<h2>\u00a76.2 Meldepflicht<\/h2>\n<p>Es sind alle Benutzer angehalten, die TS3-Server Regeln zu beachten. Sollte ein Regelversto\u00df von einem Benutzer erkannt werden, ist dieser umgehend einem Admin zu melden.<\/p>\n<hr \/>\n<p>Die Regeln als PDF: <a href=\"https:\/\/nkhq.de\/ts3\/regeln.pdf\" target=\"_blank\" rel=\"noopener noreferrer\">ANZEIGEN<\/a><\/p>\n","protected":false},"excerpt":{"rendered":"<p>\u00a71.1 Namensgebung Der Nickname sollte dem InGame-Nickname entsprechen. Ggf. kann der Nickname durch einen weiteren Nickname erg\u00e4nzt werden. Nicknames d\u00fcrfen keine beleidigenden oder anderen verbotenen oder gesch\u00fctzen Namen oder Namensteile&#8230; <a class=\"read-more-link\" href=\"https:\/\/nkhq.de\/home\/index.php\/teamspeak\/teamspeak-regeln\/\">Read more &raquo;<\/a><\/p>\n","protected":false},"author":1,"featured_media":0,"parent":385,"menu_order":0,"comment_status":"closed","ping_status":"closed","template":"","meta":{"footnotes":""},"class_list":["post-481","page","type-page","status-publish","hentry"],"_links":{"self":[{"href":"https:\/\/nkhq.de\/home\/index.php\/wp-json\/wp\/v2\/pages\/481","targetHints":{"allow":["GET"]}}],"collection":[{"href":"https:\/\/nkhq.de\/home\/index.php\/wp-json\/wp\/v2\/pages"}],"about":[{"href":"https:\/\/nkhq.de\/home\/index.php\/wp-json\/wp\/v2\/types\/page"}],"author":[{"embeddable":true,"href":"https:\/\/nkhq.de\/home\/index.php\/wp-json\/wp\/v2\/users\/1"}],"replies":[{"embeddable":true,"href":"https:\/\/nkhq.de\/home\/index.php\/wp-json\/wp\/v2\/comments?post=481"}],"version-history":[{"count":2,"href":"https:\/\/nkhq.de\/home\/index.php\/wp-json\/wp\/v2\/pages\/481\/revisions"}],"predecessor-version":[{"id":485,"href":"https:\/\/nkhq.de\/home\/index.php\/wp-json\/wp\/v2\/pages\/481\/revisions\/485"}],"up":[{"embeddable":true,"href":"https:\/\/nkhq.de\/home\/index.php\/wp-json\/wp\/v2\/pages\/385"}],"wp:attachment":[{"href":"https:\/\/nkhq.de\/home\/index.php\/wp-json\/wp\/v2\/media?parent=481"}],"curies":[{"name":"wp","href":"https:\/\/api.w.org\/{rel}","templated":true}]}}