{"id":523,"date":"2021-05-27T13:06:53","date_gmt":"2021-05-27T11:06:53","guid":{"rendered":"https:\/\/nkhq.de\/home\/?page_id=523"},"modified":"2021-05-28T08:03:07","modified_gmt":"2021-05-28T06:03:07","slug":"meine-sehbehinderung-faq","status":"publish","type":"page","link":"https:\/\/nkhq.de\/home\/index.php\/meine-sehbehinderung-faq\/","title":{"rendered":"Meine Sehbehinderung &#8211; FAQ"},"content":{"rendered":"<h2>Allgemein:<\/h2>\n<p>Seit meinem dritten Lebensjahr wurde mir die Diagnose &#8222;Juvenile Makulopathie&#8220; oder auch &#8222;Makuladegeneration&#8220;. Trotz alledem leide ich noch zus\u00e4tzlich an einer starken Hornhautverkr\u00fcmmung, welche der Grund meiner Brille ist.<\/p>\n<p>Es gibt 2 Formen der Makuladegeneration, die feuchte und die trockene.<br \/>\nDie G\u00f6tter dieser Welt<span style=\"font-size: 1rem;\">haben sich f\u00fcr mich f\u00fcr die trockene Form entschieden.<\/span><\/p>\n<p>In <span style=\"font-size: 1rem;\">der Trockenen Form der Makuladegeneration ist es so, das sich nach u<\/span><span style=\"font-size: 1rem;\">nd <\/span><span style=\"font-size: 1rem;\">nach die Sehzapfen in meiner Makula\/Netzhaut verabschieden, diese sterben.<br \/>\nSomit bildet sich ein blinder Fleck in de<\/span><span style=\"font-size: 1rem;\">r <\/span><span style=\"font-size: 1rem;\">Mitte meines Sehens.<br \/>\n<\/span><span style=\"font-size: 1rem;\">Das absterben der Z\u00e4pfchen kann nicht aufgehalten werden und schreitet immer<img loading=\"lazy\" decoding=\"async\" class=\" wp-image-533 alignright\" style=\"margin-top: 0.857143rem; margin-bottom: 0.857143rem; margin-left: 1.71429rem;\" src=\"https:\/\/nkhq.de\/home\/wp-content\/uploads\/2021\/05\/MakulaDegeneration-300x167.jpg\" alt=\"\" width=\"483\" height=\"269\" srcset=\"https:\/\/nkhq.de\/home\/wp-content\/uploads\/2021\/05\/MakulaDegeneration-300x167.jpg 300w, https:\/\/nkhq.de\/home\/wp-content\/uploads\/2021\/05\/MakulaDegeneration-1024x571.jpg 1024w, https:\/\/nkhq.de\/home\/wp-content\/uploads\/2021\/05\/MakulaDegeneration-768x428.jpg 768w, https:\/\/nkhq.de\/home\/wp-content\/uploads\/2021\/05\/MakulaDegeneration-624x348.jpg 624w, https:\/\/nkhq.de\/home\/wp-content\/uploads\/2021\/05\/MakulaDegeneration.jpg 1437w\" sizes=\"auto, (max-width: 483px) 100vw, 483px\" \/><\/span><span style=\"font-size: 1rem;\">weiter voran, aber keine Sorge nur 10% aller betroffenen werden Blind. Hurray!<\/span><\/p>\n<p>&nbsp;<\/p>\n<p><span style=\"font-size: 1rem;\">Das hier habe ich mal aus Wikipedia gezogen ich <\/span><strong style=\"font-size: 1rem;\">&#8222;markiere&#8220;<\/strong><span style=\"font-size: 1rem;\"> Mal was hier zutrifft:<\/span><\/p>\n<p><em>&#8222;Die Sch\u00e4digung der Makula kann zur<\/em><\/p>\n<ul>\n<li><em>Abnahme der\u00a0<a title=\"Sehsch\u00e4rfe\" href=\"https:\/\/de.wikipedia.org\/wiki\/Sehsch%C3%A4rfe\">Sehsch\u00e4rfe<\/a> und damit der Lesef\u00e4higkeit,<br \/>\n<\/em><strong>(Ja, trifft zu, schon mal versucht unter Wasser zu lesen? Ist schwer.)<\/strong><\/li>\n<li><em>Abnahme des\u00a0<a title=\"Kontrastsehen\" href=\"https:\/\/de.wikipedia.org\/wiki\/Kontrastsehen\">Kontrastempfindens<\/a>,<br \/>\n<\/em><strong>(Ihr kennt doch bestimmt diese streifen an \u00f6ffentlichen Treppen, wenn keine da sind ist das eine graue Fl\u00e4che f\u00fcr mich.)<\/strong><\/li>\n<li><em>Abnahme des\u00a0<a title=\"Farbenfehlsichtigkeit\" href=\"https:\/\/de.wikipedia.org\/wiki\/Farbenfehlsichtigkeit\">Farbensehens<\/a>,<br \/>\n<\/em><strong>(Fredi beim zeichnen: &#8222;Ist das dunkel Gr\u00fcn oder dunkel Blau? Hmm die Wiese ist blau&#8230; SHIT!&#8220;)<\/strong><\/li>\n<li><em>Abnahme der Anpassungsf\u00e4higkeit an ver\u00e4nderte Lichtverh\u00e4ltnisse,<br \/>\n<\/em><strong>(Fredi geht raus: &#8220; AAAAHH wer hat die fucking Flashbang in den Himmel geworf&#8230;! .,, Oh das ist nur die Sonne.)<\/strong><\/li>\n<li><em>Erh\u00f6hung der\u00a0<a title=\"Lichtscheu\" href=\"https:\/\/de.wikipedia.org\/wiki\/Lichtscheu\">Blendungsempfindlichkeit<\/a>\u00a0und zu<br \/>\n<\/em><strong>(Ich sage nur Flashbang, und Sonnenbrillen sind cool.)<\/strong><\/li>\n<li><em>zentralen\u00a0<a title=\"Skotom\" href=\"https:\/\/de.wikipedia.org\/wiki\/Skotom\">Gesichtsfeldausf\u00e4llen<\/a><br \/>\n<\/em><strong>(Ich nenne den Punkt Jumpy, egal wo ich hinsehe, er springt mit!)<\/strong><\/li>\n<\/ul>\n<p><em>f\u00fchren.&#8220;<\/em><\/p>\n<p>Es scheint wohl alles zutreffend zu sein, danke Wikipedia!<br \/>\nWer sich das ganze GENAU ansehen will hier der Link zur Seite: <em><strong><a href=\"https:\/\/de.wikipedia.org\/wiki\/Makuladegeneration#Trockene_Makuladegeneration\">KLICK MICH!<\/a><\/strong><\/em><\/p>\n<h2>Fragen:<\/h2>\n<h3>Ist es operierbar?\/Kann man das nicht lasern lassen?<\/h3>\n<p>Nein, leider nicht, das Grundproblem besteht wom\u00f6glich darin, das die Sehz\u00e4pfchen in der Makula nach und nach absterben, hei\u00dft diese toten Zellen zu reaktivieren ist unm\u00f6glich da meines Wissens nach totes Gewebe leider noch nicht reanimiert werden kann, vielleicht wissen wir nach der Zombie Apokalypse wie man totes Gewebe reanimiert.<\/p>\n<p>&nbsp;<\/p>\n<h3>Wie kommst du damit zurecht?<\/h3>\n<p>Nat\u00fcrlich gar nicht! Ne scherz bei Seite. Ich arbeite gr\u00f6\u00dftenteils mit der Windows Bildschirmlupe und invertiere die Farben auf meinem Bildschirm. Wenn ich in der Stand herumwandere habe ich meist eine Sonnenbrille auf mit Sehst\u00e4rke. Noch nehme ich meine Umgebung gut wahr, Treppen sind aber meine \u00e4rgsten Erzfeinde und ich werden Sie eines Tages bezwingen!<\/p>\n<p>&nbsp;<\/p>\n<h3>Wie gut siehst du noch?<\/h3>\n<p>Ich sehe zudem aktuell auf dem linken Auge 10% und auf den rechten Auge 5%<br \/>\nHier eine kleine Veranschaulichung (Stand: Mai 2021):<\/p>\n<p>Format DIN A4<\/p>\n<h4>Normal:\u00a0 \u00a0 \u00a0 \u00a0 \u00a0 \u00a0 \u00a0 \u00a0 \u00a0 \u00a0 \u00a0 \u00a0 \u00a0 \u00a0 \u00a0 \u00a0 \u00a0 \u00a0 \u00a0 \u00a0 \u00a0 \u00a0 Invertiert:<\/h4>\n<p><img loading=\"lazy\" decoding=\"async\" class=\"alignnone size-medium wp-image-514\" src=\"https:\/\/nkhq.de\/home\/wp-content\/uploads\/2021\/05\/Sehkraftnormal-215x300.png\" alt=\"\" width=\"215\" height=\"300\" srcset=\"https:\/\/nkhq.de\/home\/wp-content\/uploads\/2021\/05\/Sehkraftnormal-215x300.png 215w, https:\/\/nkhq.de\/home\/wp-content\/uploads\/2021\/05\/Sehkraftnormal-624x872.png 624w, https:\/\/nkhq.de\/home\/wp-content\/uploads\/2021\/05\/Sehkraftnormal.png 667w\" sizes=\"auto, (max-width: 215px) 100vw, 215px\" \/> <img loading=\"lazy\" decoding=\"async\" class=\"alignnone size-medium wp-image-515\" src=\"https:\/\/nkhq.de\/home\/wp-content\/uploads\/2021\/05\/SehkraftInvertiert-213x300.png\" alt=\"\" width=\"213\" height=\"300\" srcset=\"https:\/\/nkhq.de\/home\/wp-content\/uploads\/2021\/05\/SehkraftInvertiert-213x300.png 213w, https:\/\/nkhq.de\/home\/wp-content\/uploads\/2021\/05\/SehkraftInvertiert-624x877.png 624w, https:\/\/nkhq.de\/home\/wp-content\/uploads\/2021\/05\/SehkraftInvertiert.png 659w\" sizes=\"auto, (max-width: 213px) 100vw, 213px\" \/><\/p>\n<p>So gut sehe ich, wenn ich normal an meinen Stuhl sitze ohne nah an den Bildschirm heran zu gehen.<\/p>\n<p>Am besten die Bilder in der normalen Gr\u00f6\u00dfe ansehen, f\u00fcr die perfekte Experience!<\/p>\n<p>Ich hoffe diese Seite konnte euch ein wenig besser in meiner Sicht der Dinge hinein versetzen. \ud83d\ude42<\/p>\n","protected":false},"excerpt":{"rendered":"<p>Allgemein: Seit meinem dritten Lebensjahr wurde mir die Diagnose &#8222;Juvenile Makulopathie&#8220; oder auch &#8222;Makuladegeneration&#8220;. Trotz alledem leide ich noch zus\u00e4tzlich an einer starken Hornhautverkr\u00fcmmung, welche der Grund meiner Brille ist&#8230;. <a class=\"read-more-link\" href=\"https:\/\/nkhq.de\/home\/index.php\/meine-sehbehinderung-faq\/\">Read more &raquo;<\/a><\/p>\n","protected":false},"author":2,"featured_media":0,"parent":0,"menu_order":0,"comment_status":"closed","ping_status":"closed","template":"","meta":{"footnotes":""},"class_list":["post-523","page","type-page","status-publish","hentry"],"_links":{"self":[{"href":"https:\/\/nkhq.de\/home\/index.php\/wp-json\/wp\/v2\/pages\/523","targetHints":{"allow":["GET"]}}],"collection":[{"href":"https:\/\/nkhq.de\/home\/index.php\/wp-json\/wp\/v2\/pages"}],"about":[{"href":"https:\/\/nkhq.de\/home\/index.php\/wp-json\/wp\/v2\/types\/page"}],"author":[{"embeddable":true,"href":"https:\/\/nkhq.de\/home\/index.php\/wp-json\/wp\/v2\/users\/2"}],"replies":[{"embeddable":true,"href":"https:\/\/nkhq.de\/home\/index.php\/wp-json\/wp\/v2\/comments?post=523"}],"version-history":[{"count":14,"href":"https:\/\/nkhq.de\/home\/index.php\/wp-json\/wp\/v2\/pages\/523\/revisions"}],"predecessor-version":[{"id":544,"href":"https:\/\/nkhq.de\/home\/index.php\/wp-json\/wp\/v2\/pages\/523\/revisions\/544"}],"wp:attachment":[{"href":"https:\/\/nkhq.de\/home\/index.php\/wp-json\/wp\/v2\/media?parent=523"}],"curies":[{"name":"wp","href":"https:\/\/api.w.org\/{rel}","templated":true}]}}